{"id":9,"date":"2024-01-17T10:17:40","date_gmt":"2024-01-17T10:17:40","guid":{"rendered":"https:\/\/apsih.ifzg.hr\/?page_id=9"},"modified":"2024-02-01T09:01:32","modified_gmt":"2024-02-01T08:01:32","slug":"kontakt","status":"publish","type":"page","link":"https:\/\/apsih.ifzg.hr\/index.php\/kontakt\/","title":{"rendered":"Kontakt"},"content":{"rendered":"\n<p class=\"has-text-align-left has-base-color has-text-color has-link-color wp-elements-f11399cba826790cf7c22a1fdd801ddb\">Institut za filozofiju<br><mark style=\"background-color:rgba(0, 0, 0, 0)\" class=\"has-inline-color has-tertiary-color\">APsiH projekt<\/mark><br>Ul. grada Vukovara 54<br>HR-10000 Zagreb<br><br><span style=\"text-decoration: underline;\">VODITELJ PROJEKTA<\/span>:<br>Du\u0161an Do\u017eudi\u0107<br>e-mail: ddozudic@ifzg.hr<\/p>\n","protected":false},"excerpt":{"rendered":"<p>Institut za filozofijuAPsiH projektUl. grada Vukovara 54HR-10000 Zagreb VODITELJ PROJEKTA:Du\u0161an Do\u017eudi\u0107e-mail: ddozudic@ifzg.hr<\/p>\n","protected":false},"author":1,"featured_media":0,"parent":0,"menu_order":0,"comment_status":"closed","ping_status":"closed","template":"","meta":{"footnotes":""},"class_list":["post-9","page","type-page","status-publish","hentry"],"_links":{"self":[{"href":"https:\/\/apsih.ifzg.hr\/index.php\/wp-json\/wp\/v2\/pages\/9","targetHints":{"allow":["GET"]}}],"collection":[{"href":"https:\/\/apsih.ifzg.hr\/index.php\/wp-json\/wp\/v2\/pages"}],"about":[{"href":"https:\/\/apsih.ifzg.hr\/index.php\/wp-json\/wp\/v2\/types\/page"}],"author":[{"embeddable":true,"href":"https:\/\/apsih.ifzg.hr\/index.php\/wp-json\/wp\/v2\/users\/1"}],"replies":[{"embeddable":true,"href":"https:\/\/apsih.ifzg.hr\/index.php\/wp-json\/wp\/v2\/comments?post=9"}],"version-history":[{"count":16,"href":"https:\/\/apsih.ifzg.hr\/index.php\/wp-json\/wp\/v2\/pages\/9\/revisions"}],"predecessor-version":[{"id":460,"href":"https:\/\/apsih.ifzg.hr\/index.php\/wp-json\/wp\/v2\/pages\/9\/revisions\/460"}],"wp:attachment":[{"href":"https:\/\/apsih.ifzg.hr\/index.php\/wp-json\/wp\/v2\/media?parent=9"}],"curies":[{"name":"wp","href":"https:\/\/api.w.org\/{rel}","templated":true}]}}