{"id":61,"date":"2024-01-17T11:30:21","date_gmt":"2024-01-17T11:30:21","guid":{"rendered":"https:\/\/apsih.ifzg.hr\/?page_id=61"},"modified":"2026-02-04T14:10:51","modified_gmt":"2026-02-04T13:10:51","slug":"aktivnosti","status":"publish","type":"page","link":"https:\/\/apsih.ifzg.hr\/index.php\/aktivnosti\/","title":{"rendered":"Aktivnosti"},"content":{"rendered":"\n<p class=\"has-text-align-center\"><strong><span style=\"text-decoration: underline;\">2025.<\/span><\/strong><\/p>\n\n\n\n<p>Kova\u010d, S. \u201cInterplay of Logic and Ontology in the Emergence of Modern Logic: Some Aspects of the Development\u201d, <em>Le\u015bniewski: Logic and Ontology. International Symposium<\/em>. Var\u0161ava, World Logic Day 2025, 14. sije\u010dnja, 2025.<\/p>\n\n\n\n<p>Do\u017eudi\u0107, D. predavanje \u201cThe Background of Wittgenstein\u2019s Impact on the Reception of Frege\u201d, <em>Thinking the Future: 11th Congress of the Austrian Society for Philosophy<\/em>, Graz, Austrija, 25.-28. velja\u010da 2025.<\/p>\n\n\n\n<p>Do\u017eudi\u0107, D. (s Anom Grgi\u0107) \u201cMi\u0161\u010devi\u0107\u2019s Engagements with the Croatian Philosophical Heritage\u201d, <em>The Legacy of Nenad&#8217;s Philosophical Thought<\/em>, Filozofski fakultet, Rijeka, 10.\u201311. travnja 2025.<\/p>\n\n\n\n<p>Bodlovi\u0107, P. \u201cCharity, Interaction, and Argument Production\u201d, <em>7. me\u0111unarodna konferencija o retorici Dani Ive \u0160kari\u0107a<\/em>, od 23. do 26. travnja 2025., Postira, Hrvatska.<\/p>\n\n\n\n<p>Do\u017eudi\u0107, D. i Trobok, M. radionica <em>Gottlob Frege &#8211; Sto godina kasnije (1925-2025)<\/em>, Rijeka, Filozofski fakultet, 21. i 22. svibnja 2025.<\/p>\n\n\n\n<p>Bodlovi\u0107, P., \u201cZaklju\u010dak na najbolje obja\u0161njenje: pro\u0161irena argumentacijska shema,\u201d <em>Kolokviji Instituta za filozofiju 2025<\/em>., 11. lipnja 2025., Zagreb, Hrvatska.<\/p>\n\n\n\n<p>Bodlovi\u0107, P. \u201cToward the Dialectical Approach to the Principle of Charity,\u201d <em>Dan Instituta za filozofiju<\/em>, 27. lipnja 2025., Zagreb, Hrvatska.<\/p>\n\n\n\n<p>Trobok, M. \u201cTeorija skupova i Russellov paradoks u nastavi logike\u201d, <em>Interdisciplinarni pristupi u odgoju i obrazovanju: teorija, praksa i vrijednosti<\/em>, Filozofski fakultet u Rijeci, 27. lipnja 2025.<\/p>\n\n\n\n<p>Do\u017eudi\u0107, D. \u201cModalne re\u010denice i neprozirni konteksti\u201d, <em>Ljetna \u0161kola logike: Logika i kriti\u010dko mi\u0161ljenje<\/em>, Filozofski fakultet, Rijeka, 21.\u201325. srpnja 2025.<\/p>\n\n\n\n<p>Trobok, M. \u201cPravila izvo\u0111enja za kvantifikatore\u201d, <em>Ljetna \u0161kola logike Logika i kriti\u010dko mi\u0161ljenje<\/em>, Filozofski fakultet, Rijeka, 21.\u201325. srpnja 2025.<\/p>\n\n\n\n<p>Do\u017eudi\u0107, D. \u201cRealism, Wittgenstein, and the Formative Years of the Croatian Analytic Tradition\u201d, <em>Feminist Philosophy \u2013 Language, Knowledge, And Politics<\/em> , Kirchberg am Wechsel, Austrija, 10.-16. kolovoz 2025.<\/p>\n\n\n\n<p>Kova\u010d, S. \u201cThe conception and structure of the history of logic in Boche\u0144ski\u2019s view\u201d, <em>130 years of the Lvov-Warsaw School<\/em>, Var\u0161ava, 18.-20. rujna 2025.<\/p>\n\n\n\n<p>Bodlovi\u0107, P. \u201cThe Path of a Charitable Opponent: The Dilemmas of Intellectual Tolerance,\u201d&nbsp;<em>5. europska konferencija o argumentaciji (ECA) Argumentation in the Digital Society<\/em>, od 23. do 26. rujna 2025, Var\u0161ava, Poljska.<\/p>\n\n\n\n<p>Bodlovi\u0107, P. \u201cCommentary on Gascon\u2019s \u2018On the distinction between arguments and explanations\u2019\u201d, <em>5. europska konferencija o argumentaciji (ECA) Argumentation in the Digital Society<\/em>, od 23. do 26. rujna 2025, Var\u0161ava, Poljska.<\/p>\n\n\n\n<p>Do\u017eudi\u0107, D., prilog u radio emisiji <em>Occamova britva<\/em> na HR1: \u201cPojmovno pismo\u201d, 6. studeni 2025.<\/p>\n\n\n\n<p>Janovi\u0107, T. \u201cMartin iz Zadra: detektivsko-filozofski slu\u010daj\u201d, <em>10. godi\u0161nja konferencija \u201cUdruge za promicanje filozofije\u201d Izazovi filozofije<\/em>, Zagreb, 14. studeni 2025.<\/p>\n\n\n\n<p>Pe\u0107njak, D. \u201cBog, jezici i apstraktni objekti\u201d, <em>10. godi\u0161nja konferencija \u201cUdruge za promicanje filozofije\u201d Izazovi filozofije<\/em>, Zagreb, 14. studeni 2025.<\/p>\n\n\n\n<p>Do\u017eudi\u0107, D., sudjelovanje na tribini i izlo\u017ebi \u201cGottlob Frege: sto godina poslije\u201d, Institut za filozofiju, Zagreb, 21. studeni 2025.<\/p>\n\n\n\n<p>Do\u017eudi\u0107, D. \u201cLogi\u010dki zakoni i logi\u010dno mi\u0161ljenje: Frege i Markovi\u0107ev psihologizam\u201d, kolokvij, Institut za filozofiju, Zagreb, 1. prosinca 2025.<\/p>\n\n\n\n<p>Bodlovi\u0107, P. \u201cO nekim ograni\u010denjima Piv\u010devi\u0107eve eksplanatorne epistemologije,\u201d <em>Godi\u0161nja konferencija Instituta za filozofiju<\/em>, od 4. do 5. prosinca 2025., Zagreb, Hrvatska.<\/p>\n\n\n\n<p>Do\u017eudi\u0107, D. \u201cPromjenjivi pojmovi i obi\u010dni jezik\u201d, <em>Godi\u0161nja konferencija Instituta za filozofiju Hrvatska filozofija<\/em>, Zagreb, 4.\u20135. prosinac 2025.<\/p>\n\n\n\n<p>Do\u017eudi\u0107, D., sudjelovanje na tribini i izlo\u017ebi \u201cGottlob Frege: sto godina poslije\u201d, Filozofski fakultet, Split, 8. prosinca 2025.<\/p>\n\n\n\n<p><\/p>\n\n\n\n<p class=\"has-text-align-center\"><strong>2024.<\/strong><\/p>\n\n\n\n<p>Do\u017eudi\u0107, D. \u201c\u0160to je Frege nau\u010dio od Milla?\u201d, konferencija <em>Svijest i zna\u010denje<\/em>, 26. travnja, Filozofski fakultet Sveu\u010dili\u0161ta u Splitu.<\/p>\n\n\n\n<p>Do\u017eudi\u0107, D. \u201cHeaps to Facts: Frege&#8217;s Long Argument\u201d, konferencija <em>Formal methodfs and science in philosophy,<\/em> 16. do 18. svibnja, IUC, Dubrovnik.<\/p>\n\n\n\n<p>Kova\u010d, S. \u201cThe Role of Objectivity in the Foundations of Logic: Some Perspaectives of the Beginnings of Modern Logic\u201d, konferencija <em>Formal methodfs and science in philosophy<\/em>, 16. do 18. svibnja, IUC, Dubrovnik.<\/p>\n\n\n\n<p>Janovi\u0107, T. \u201cPhenomenological Protologic Re-Examined\u201d, konferencija <em>Metaphysics<\/em>, 10. do 14. lipnja, IUC, Dubrovnik.<\/p>\n\n\n\n<p>Do\u017eudi\u0107, D. \u201cThe Geach\/Black Wittgensteined\u201d, konferencija <em>Facets of Reality: Contemporary Debates<\/em>, 11. do 17. kolovoza, Kirchberg am Wechsel, Austrija.<\/p>\n\n\n\n<p>Do\u017eudi\u0107, D. \u201cFranjo Markovi\u0107 iz analiti\u010dareve perspektive\u201d, okrugli stol povodom obilje\u017eavanja sto desete obljetnice smrti Franje Markovi\u0107a, 16. rujna, Institut za filozofiju, Zagreb.<\/p>\n\n\n\n<p>Kova\u010d, S. \u201cIdeje i samospoznaja: Markovi\u0107 i Kant\u201d, Godi\u0161nje predavanje &#8216;Franjo Markovi\u0107&#8217;\u201d 16. listopada, Institut za filozofiju, Zagreb.<\/p>\n\n\n\n<p>Han\u017eek, Lj. (Filozofski fakultet, Split), \u201cNeo-brentanovska teorija svijesti: slu\u010daj Kriegel\u201d, gostuju\u0107e predavanje, 23. listopad 2024., Institut za filozofiju, Zagreb.<\/p>\n\n\n\n<p>Bodlovi\u0107, P. \u201cNaslje\u0111e i razumni dijalog\u201d, konferencija <em>Naslje\u0111e u filozofiji: kontinuitet i promjene<\/em>, 24. listopad, Institut za filozofiju, Zagreb.<\/p>\n\n\n\n<p>Jandri\u0107, A. (Filozofski fakultet, Beograd), \u201cObjekti, proksi objekti i pojmovi u Wittgensteinovom Tractatusu\u201d, gostuju\u0107e predavanje, 6. studenog, Institut za filozofiju, Zagreb.<\/p>\n\n\n\n<p>Radionica <em>Antipsihologizam i hrvatska logi\u010dka tradicija na prijelazu stolje\u0107a<\/em> [\u201cFregeova uvodna kritika psihologizma u <em>Osnovnim zakonima aritmetike<\/em>\u201d (Barbara Babi\u010d), \u201cMarkovi\u0107 o rije\u010dima\u201d (Du\u0161an Do\u017eudi\u0107), \u201cMati\u010devi\u0107eva disertacija o zasnivanju logike\u201d (Tomislav Janovi\u0107), \u201cStrukture, sustavi i metoda: Markovi\u0107, Arnold, Nagy\u201d (Sre\u0107ko Kova\u010d), \u201cAlbino Nagy, novi uvidi\u201d (Ivan Macut), \u201cKritika psihologizma u Fregeovu \u010dlanku &#8216;Misao&#8217;\u201d (Davor Pe\u0107njak)], 7. studenog, Institutu za filozofiju, Zagreb.<\/p>\n\n\n\n<p>Do\u017eudi\u0107, D. \u201cMarkovi\u0107, metafizika, pomisli i pojmovi\u201d, 18. prosinca, kolokvij Instituta za filozofiju, Zagreb.<\/p>\n\n\n\n<p><\/p>\n\n\n\n<p><\/p>\n","protected":false},"excerpt":{"rendered":"<p>2025. Kova\u010d, S. \u201cInterplay of Logic and Ontology in the Emergence of Modern Logic: Some Aspects of the Development\u201d, Le\u015bniewski: Logic and Ontology. International Symposium. Var\u0161ava, World Logic Day 2025, 14. sije\u010dnja, 2025. Do\u017eudi\u0107, D. predavanje \u201cThe Background of Wittgenstein\u2019s Impact on the Reception of Frege\u201d, Thinking the Future: 11th Congress of the Austrian Society [&hellip;]<\/p>\n","protected":false},"author":1,"featured_media":0,"parent":0,"menu_order":0,"comment_status":"closed","ping_status":"open","template":"","meta":{"footnotes":""},"class_list":["post-61","page","type-page","status-publish","hentry"],"_links":{"self":[{"href":"https:\/\/apsih.ifzg.hr\/index.php\/wp-json\/wp\/v2\/pages\/61","targetHints":{"allow":["GET"]}}],"collection":[{"href":"https:\/\/apsih.ifzg.hr\/index.php\/wp-json\/wp\/v2\/pages"}],"about":[{"href":"https:\/\/apsih.ifzg.hr\/index.php\/wp-json\/wp\/v2\/types\/page"}],"author":[{"embeddable":true,"href":"https:\/\/apsih.ifzg.hr\/index.php\/wp-json\/wp\/v2\/users\/1"}],"replies":[{"embeddable":true,"href":"https:\/\/apsih.ifzg.hr\/index.php\/wp-json\/wp\/v2\/comments?post=61"}],"version-history":[{"count":35,"href":"https:\/\/apsih.ifzg.hr\/index.php\/wp-json\/wp\/v2\/pages\/61\/revisions"}],"predecessor-version":[{"id":591,"href":"https:\/\/apsih.ifzg.hr\/index.php\/wp-json\/wp\/v2\/pages\/61\/revisions\/591"}],"wp:attachment":[{"href":"https:\/\/apsih.ifzg.hr\/index.php\/wp-json\/wp\/v2\/media?parent=61"}],"curies":[{"name":"wp","href":"https:\/\/api.w.org\/{rel}","templated":true}]}}