{"id":371,"date":"2024-01-31T10:20:00","date_gmt":"2024-01-31T09:20:00","guid":{"rendered":"https:\/\/apsih.ifzg.hr\/?page_id=371"},"modified":"2024-02-02T06:47:36","modified_gmt":"2024-02-02T05:47:36","slug":"o-projektu","status":"publish","type":"page","link":"https:\/\/apsih.ifzg.hr\/index.php\/o-projektu\/","title":{"rendered":"O projektu"},"content":{"rendered":"\n<p>Cilj je <em><strong><mark style=\"background-color:rgba(0, 0, 0, 0)\" class=\"has-inline-color has-tertiary-color\">APsiH<\/mark><\/strong><\/em> projekta razmotriti, kako iz povijesne tako i iz kriti\u010dke perspektive, nastanak i razvoj antipsihologisti\u010dke ideje da je logika po svojoj prirodi odvojena od psihologije te da ne mo\u017ee biti reducirana na ovu potonju niti da psiholo\u0161ka istra\u017eivanja mogu dati rezultate koji su sastavni dio utemeljenja logike (ali i filozofije u cjelini). Tu zamisao je vrlo \u010desto pratilo prihva\u0107anje realizma u pogledu logi\u010dkog sadr\u017eaja, \u010dime je u mnogim (premda ne svim) slu\u010dajevima antipsihologizam implicirao logi\u010dki (i matemati\u010dki) platonizam. Takva antipsihologisti\u010dka, isprva (kroz 19. stolje\u0107e) izdvojena, shva\u0107anja logike (npr. kod Bernarda Bolzana ili Gottloba Fregea) na prijelazu u 20. stolje\u0107e po\u010dela su dominirati u logici i filozofiji, otvaraju\u0107i s jedne strane niz metafizi\u010dkih, epistemiolo\u0161kih i semanti\u010dkih pitanja unutar same te koncepcije (npr. kod Edmunda Husserla, Bertranda Russella i, ne\u0161to kasnije, Ludwiga Wittgensteina), a ujedno poti\u010du\u0107i razvijanje takvim shva\u0107anjima alternativnih koncepcija logike. Ono \u0161to se isprva razvilo kao posebno gledi\u0161te u logici (i matematici), ubrzo je postalo relevantno za druge filozofske discipline, pa danas mnoga gledi\u0161ta u tim disciplinama (npr. u filozofiji jezika, epistemologiji i filozofiji djelovanja), premda izri\u010dito ne isti\u010du svoju antipsihologisti\u010dku osnovu, po\u010divaju upravo na takvim temeljima. U sklopu projekta posebna \u0107e pozornost biti poklonjena hrvatskim autora koji su u dosada\u0161njim istra\u017eivanjima hrvatske filozofske ba\u0161tine ostali uglavnom zanemareni (poput Albina Nagyja) kao i nekim nedovoljno istra\u017eenim idejama poznatijih hrvatskih filozofa (poput Franje pl. Markovi\u0107a, Gjure Arnolda i Stjepana Mati\u010devi\u0107a).<\/p>\n\n\n\n<p class=\"has-tertiary-color has-text-color has-link-color wp-elements-f0e3d614d3317dfe865bb7053c9c5b92\" style=\"font-size:0.7rem\">Ovaj se projekt provodi na Institutu za filozofiju u Zagrebu u razdoblju 2024\u20132027, prati ga Ministarstvo znanosti i obrazovanja Republike Hrvatske te se financira sredstvima iz Nacionalnog plana oporavka i otpornosti Europske Unije \u2013 NextGenerationEU.<\/p>\n\n\n\n<p><\/p>\n","protected":false},"excerpt":{"rendered":"<p>Cilj je APsiH projekta razmotriti, kako iz povijesne tako i iz kriti\u010dke perspektive, nastanak i razvoj antipsihologisti\u010dke ideje da je logika po svojoj prirodi odvojena od psihologije te da ne mo\u017ee biti reducirana na ovu potonju niti da psiholo\u0161ka istra\u017eivanja mogu dati rezultate koji su sastavni dio utemeljenja logike (ali i filozofije u cjelini). Tu [&hellip;]<\/p>\n","protected":false},"author":1,"featured_media":0,"parent":0,"menu_order":0,"comment_status":"closed","ping_status":"open","template":"","meta":{"footnotes":""},"class_list":["post-371","page","type-page","status-publish","hentry"],"_links":{"self":[{"href":"https:\/\/apsih.ifzg.hr\/index.php\/wp-json\/wp\/v2\/pages\/371","targetHints":{"allow":["GET"]}}],"collection":[{"href":"https:\/\/apsih.ifzg.hr\/index.php\/wp-json\/wp\/v2\/pages"}],"about":[{"href":"https:\/\/apsih.ifzg.hr\/index.php\/wp-json\/wp\/v2\/types\/page"}],"author":[{"embeddable":true,"href":"https:\/\/apsih.ifzg.hr\/index.php\/wp-json\/wp\/v2\/users\/1"}],"replies":[{"embeddable":true,"href":"https:\/\/apsih.ifzg.hr\/index.php\/wp-json\/wp\/v2\/comments?post=371"}],"version-history":[{"count":11,"href":"https:\/\/apsih.ifzg.hr\/index.php\/wp-json\/wp\/v2\/pages\/371\/revisions"}],"predecessor-version":[{"id":496,"href":"https:\/\/apsih.ifzg.hr\/index.php\/wp-json\/wp\/v2\/pages\/371\/revisions\/496"}],"wp:attachment":[{"href":"https:\/\/apsih.ifzg.hr\/index.php\/wp-json\/wp\/v2\/media?parent=371"}],"curies":[{"name":"wp","href":"https:\/\/api.w.org\/{rel}","templated":true}]}}