{"id":335,"date":"2024-01-26T12:54:42","date_gmt":"2024-01-26T12:54:42","guid":{"rendered":"https:\/\/apsih.ifzg.hr\/?page_id=335"},"modified":"2024-12-27T11:22:09","modified_gmt":"2024-12-27T10:22:09","slug":"clanovi","status":"publish","type":"page","link":"https:\/\/apsih.ifzg.hr\/index.php\/clanovi\/","title":{"rendered":"\u010clanovi"},"content":{"rendered":"\n<p><strong>Petar Bodlovi\u0107&nbsp;<\/strong><br><span style=\"color: #808080;\">Institut za filozofiju, Zagreb<\/span><em><br><span style=\"color: #ff0000;\"><a href=\"https:\/\/www.ifzg.hr\/djelatnici\/bodlovic-zivotopis\/\" data-type=\"link\" data-id=\"https:\/\/www.ifzg.hr\/djelatnici\/bodlovic-zivotopis\/\"><mark style=\"background-color:rgba(0, 0, 0, 0)\" class=\"has-inline-color has-tertiary-color\">\u017eivotopis<\/mark><\/a> &nbsp; &nbsp; &nbsp; &nbsp; &nbsp;<a href=\"https:\/\/www.croris.hr\/osobe\/profil\/47060\" data-type=\"link\" data-id=\"https:\/\/www.croris.hr\/osobe\/profil\/47060\"><mark style=\"background-color:rgba(0, 0, 0, 0)\" class=\"has-inline-color has-tertiary-color\">bibliografija<\/mark><\/a><\/span><\/em><\/p>\n\n\n\n<p><strong>Du\u0161an Do\u017eudi\u0107<\/strong>&nbsp;<br><span style=\"color: #808080;\">Institut za filozofiju, Zagreb<\/span><em><br><span style=\"color: #ff0000;\"><a href=\"https:\/\/www.croris.hr\/osobe\/profil\/3068?lang=hr\" target=\"_blank\" rel=\"noreferrer noopener\"><mark style=\"background-color:rgba(0, 0, 0, 0)\" class=\"has-inline-color has-tertiary-color\">\u017eivotopis<\/mark><\/a> &nbsp; &nbsp; &nbsp; &nbsp; &nbsp;<a href=\"https:\/\/www.croris.hr\/osobe\/profil\/3068?lang=hr\" target=\"_blank\" rel=\"noreferrer noopener\"><mark style=\"background-color:rgba(0, 0, 0, 0)\" class=\"has-inline-color has-tertiary-color\">bibliografija<\/mark><\/a><\/span><span style=\"color: #ff0000;\"><\/span><\/em><\/p>\n\n\n\n<p><strong>Tomislav Janovi\u0107<\/strong><br><span style=\"color: #808080;\">Fakultet hrvatskih studija, Zagreb<\/span><br><em><span style=\"color: #ff0000;\"><a href=\"https:\/\/www.croris.hr\/osobe\/profil\/7580?lang=hr\" target=\"_blank\" rel=\"noreferrer noopener\"><mark style=\"background-color:rgba(0, 0, 0, 0)\" class=\"has-inline-color has-tertiary-color\">\u017eivotopis<\/mark><\/a><mark style=\"background-color:rgba(0, 0, 0, 0)\" class=\"has-inline-color has-tertiary-color\">&nbsp; &nbsp; &nbsp; &nbsp; &nbsp; <\/mark><a href=\"https:\/\/www.croris.hr\/osobe\/profil\/7580?lang=hr\" target=\"_blank\" rel=\"noreferrer noopener\"><mark style=\"background-color:rgba(0, 0, 0, 0)\" class=\"has-inline-color has-tertiary-color\">bibliografija<\/mark><\/a><\/span><\/em><\/p>\n\n\n\n<p><strong>Sre\u0107ko Kova\u010d<\/strong><br><span style=\"color: #808080;\">Institut za filozofiju, Zagreb (emeritus)<\/span><br><span style=\"color: #ff0000;\"><a href=\"https:\/\/www.croris.hr\/osobe\/profil\/14250?lang=hr\" target=\"_blank\" rel=\"noreferrer noopener\"><mark style=\"background-color:rgba(0, 0, 0, 0)\" class=\"has-inline-color has-tertiary-color\">\u017eivotopis<\/mark><\/a> &nbsp; &nbsp; &nbsp; &nbsp; &nbsp;<a href=\"https:\/\/www.croris.hr\/osobe\/profil\/14250?lang=hr\" target=\"_blank\" rel=\"noreferrer noopener\"><mark style=\"background-color:rgba(0, 0, 0, 0)\" class=\"has-inline-color has-tertiary-color\">bibliografija<\/mark><\/a><\/span><\/p>\n\n\n\n<p><strong>Davor Pe\u0107njak<\/strong><br><span style=\"color: #808080;\">Institut za filozofiju, Zagreb<\/span><br><em><span style=\"color: #ff0000;\"><a href=\"https:\/\/www.croris.hr\/osobe\/profil\/6710?lang=hr\" target=\"_blank\" rel=\"noreferrer noopener\"><mark style=\"background-color:rgba(0, 0, 0, 0)\" class=\"has-inline-color has-tertiary-color\">\u017eivotopis<\/mark><\/a> &nbsp; &nbsp; &nbsp; &nbsp; &nbsp;<a href=\"https:\/\/www.croris.hr\/osobe\/profil\/6710?lang=hr\" target=\"_blank\" rel=\"noreferrer noopener\"><mark style=\"background-color:rgba(0, 0, 0, 0)\" class=\"has-inline-color has-tertiary-color\">bibliografija<\/mark><\/a><\/span><\/em><\/p>\n\n\n\n<p><strong>Majda Trobok<\/strong><br><span style=\"color: #808080;\">Filozofski fakultet, Rijeka<\/span><em><br><span style=\"color: #ff0000;\"><a href=\"https:\/\/www.croris.hr\/osobe\/profil\/6695?lang=hr\" target=\"_blank\" rel=\"noreferrer noopener\"><mark style=\"background-color:rgba(0, 0, 0, 0)\" class=\"has-inline-color has-tertiary-color\">\u017eivotopis<\/mark><\/a> &nbsp; &nbsp; &nbsp; &nbsp; &nbsp;<a href=\"https:\/\/www.croris.hr\/osobe\/profil\/6695?lang=hr\" target=\"_blank\" rel=\"noreferrer noopener\"><mark style=\"background-color:rgba(0, 0, 0, 0)\" class=\"has-inline-color has-tertiary-color\">bibliografija<\/mark><\/a><\/span><\/em><\/p>\n\n\n\n<p><\/p>\n","protected":false},"excerpt":{"rendered":"<p>Petar Bodlovi\u0107&nbsp;Institut za filozofiju, Zagreb\u017eivotopis &nbsp; &nbsp; &nbsp; &nbsp; &nbsp;bibliografija Du\u0161an Do\u017eudi\u0107&nbsp;Institut za filozofiju, Zagreb\u017eivotopis &nbsp; &nbsp; &nbsp; &nbsp; &nbsp;bibliografija Tomislav Janovi\u0107Fakultet hrvatskih studija, Zagreb\u017eivotopis&nbsp; &nbsp; &nbsp; &nbsp; &nbsp; bibliografija Sre\u0107ko Kova\u010dInstitut za filozofiju, Zagreb (emeritus)\u017eivotopis &nbsp; &nbsp; &nbsp; &nbsp; &nbsp;bibliografija Davor Pe\u0107njakInstitut za filozofiju, Zagreb\u017eivotopis &nbsp; &nbsp; &nbsp; &nbsp; &nbsp;bibliografija Majda TrobokFilozofski fakultet, Rijeka\u017eivotopis [&hellip;]<\/p>\n","protected":false},"author":1,"featured_media":0,"parent":0,"menu_order":0,"comment_status":"closed","ping_status":"closed","template":"","meta":{"footnotes":""},"class_list":["post-335","page","type-page","status-publish","hentry"],"_links":{"self":[{"href":"https:\/\/apsih.ifzg.hr\/index.php\/wp-json\/wp\/v2\/pages\/335","targetHints":{"allow":["GET"]}}],"collection":[{"href":"https:\/\/apsih.ifzg.hr\/index.php\/wp-json\/wp\/v2\/pages"}],"about":[{"href":"https:\/\/apsih.ifzg.hr\/index.php\/wp-json\/wp\/v2\/types\/page"}],"author":[{"embeddable":true,"href":"https:\/\/apsih.ifzg.hr\/index.php\/wp-json\/wp\/v2\/users\/1"}],"replies":[{"embeddable":true,"href":"https:\/\/apsih.ifzg.hr\/index.php\/wp-json\/wp\/v2\/comments?post=335"}],"version-history":[{"count":20,"href":"https:\/\/apsih.ifzg.hr\/index.php\/wp-json\/wp\/v2\/pages\/335\/revisions"}],"predecessor-version":[{"id":511,"href":"https:\/\/apsih.ifzg.hr\/index.php\/wp-json\/wp\/v2\/pages\/335\/revisions\/511"}],"wp:attachment":[{"href":"https:\/\/apsih.ifzg.hr\/index.php\/wp-json\/wp\/v2\/media?parent=335"}],"curies":[{"name":"wp","href":"https:\/\/api.w.org\/{rel}","templated":true}]}}