{"id":206,"date":"2024-01-18T07:44:37","date_gmt":"2024-01-18T07:44:37","guid":{"rendered":"https:\/\/apsih.ifzg.hr\/?page_id=206"},"modified":"2024-12-27T11:24:43","modified_gmt":"2024-12-27T10:24:43","slug":"memb","status":"publish","type":"page","link":"https:\/\/apsih.ifzg.hr\/index.php\/memb\/","title":{"rendered":"Members"},"content":{"rendered":"\n<p><strong>Petar Bodlovi\u0107<\/strong><br><span style=\"color: #808080;\">Institute of Philosophy, Zagreb<\/span><em><br><a href=\"https:\/\/www.ifzg.hr\/djelatnici\/bodlovic-zivotopis\/\" data-type=\"link\" data-id=\"https:\/\/www.ifzg.hr\/djelatnici\/bodlovic-zivotopis\/\"><mark style=\"background-color:rgba(0, 0, 0, 0)\" class=\"has-inline-color has-tertiary-color\">biography<\/mark><\/a> \u00a0 \u00a0 \u00a0 \u00a0 \u00a0<a href=\"https:\/\/www.croris.hr\/osobe\/profil\/47060?lang=en\" data-type=\"link\" data-id=\"https:\/\/www.croris.hr\/osobe\/profil\/47060?lang=en\"><mark style=\"background-color:rgba(0, 0, 0, 0)\" class=\"has-inline-color has-tertiary-color\">bibliography<\/mark><\/a><\/em><\/p>\n\n\n\n<p><strong>Du\u0161an Do\u017eudi\u0107<\/strong><br><span style=\"color: #808080;\">Institute of Philosophy, Zagreb<\/span><em><br><a href=\"https:\/\/www.croris.hr\/osobe\/profil\/3068?lang=en\" target=\"_blank\" rel=\"noreferrer noopener\"><mark style=\"background-color:rgba(0, 0, 0, 0)\" class=\"has-inline-color has-tertiary-color\">biography<\/mark><\/a> &nbsp; &nbsp; &nbsp; &nbsp; &nbsp;<a href=\"https:\/\/www.croris.hr\/osobe\/profil\/3068?lang=en\" target=\"_blank\" rel=\"noreferrer noopener\"><mark style=\"background-color:rgba(0, 0, 0, 0)\" class=\"has-inline-color has-tertiary-color\">bibliography<\/mark><\/a><\/em><\/p>\n\n\n\n<p><strong>Tomislav Janovi\u0107<\/strong><br><span style=\"color: #808080;\">Faculty of Croatian Studies, Zagreb<\/span><br><em><a href=\"https:\/\/www.croris.hr\/osobe\/profil\/7580?lang=en\" target=\"_blank\" rel=\"noreferrer noopener\"><mark style=\"background-color:rgba(0, 0, 0, 0)\" class=\"has-inline-color has-tertiary-color\">biography<\/mark><\/a>&nbsp; &nbsp; &nbsp; &nbsp; &nbsp; <a href=\"https:\/\/www.croris.hr\/osobe\/profil\/7580?lang=en\" target=\"_blank\" rel=\"noreferrer noopener\"><mark style=\"background-color:rgba(0, 0, 0, 0)\" class=\"has-inline-color has-tertiary-color\">bibliografija<\/mark><\/a><\/em><\/p>\n\n\n\n<p><strong>Sre\u0107ko Kova\u010d<\/strong><br><span style=\"color: #808080;\">Institute of Philosophy, Zagreb (emeritus)<\/span><br><em><a href=\"https:\/\/www.croris.hr\/osobe\/profil\/14250?lang=en\" target=\"_blank\" rel=\"noreferrer noopener\"><mark style=\"background-color:rgba(0, 0, 0, 0)\" class=\"has-inline-color has-tertiary-color\">biography<\/mark><\/a> &nbsp; &nbsp; &nbsp; &nbsp; &nbsp;<a href=\"https:\/\/www.croris.hr\/osobe\/profil\/14250?lang=en\" target=\"_blank\" rel=\"noreferrer noopener\"><mark style=\"background-color:rgba(0, 0, 0, 0)\" class=\"has-inline-color has-tertiary-color\">bibliography<\/mark><\/a><\/em><\/p>\n\n\n\n<p><strong>Davor Pe\u0107njak<\/strong><br><span style=\"color: #808080;\">Institute of Philosophy, Zagreb<\/span><br><em><a href=\"https:\/\/www.croris.hr\/osobe\/profil\/6710?lang=en\" target=\"_blank\" rel=\"noreferrer noopener\"><mark style=\"background-color:rgba(0, 0, 0, 0)\" class=\"has-inline-color has-tertiary-color\">biography<\/mark><\/a><mark style=\"background-color:rgba(0, 0, 0, 0)\" class=\"has-inline-color has-tertiary-color\"> <\/mark>&nbsp; &nbsp; &nbsp; &nbsp; &nbsp;<a href=\"https:\/\/www.croris.hr\/osobe\/profil\/6710?lang=en\" target=\"_blank\" rel=\"noreferrer noopener\"><mark style=\"background-color:rgba(0, 0, 0, 0)\" class=\"has-inline-color has-tertiary-color\">bibliography<\/mark><\/a><\/em><\/p>\n\n\n\n<p><strong>Majda Trobok<br><\/strong><span style=\"color: #808080;\">Philosophical Faculty, Rijeka<\/span><br><em><a href=\"https:\/\/www.croris.hr\/osobe\/profil\/6695?lang=en\" target=\"_blank\" rel=\"noreferrer noopener\"><mark style=\"background-color:rgba(0, 0, 0, 0)\" class=\"has-inline-color has-tertiary-color\">biography<\/mark><\/a>&nbsp; &nbsp; &nbsp; &nbsp; &nbsp; <a href=\"https:\/\/www.croris.hr\/osobe\/profil\/6695?lang=en\" target=\"_blank\" rel=\"noreferrer noopener\"><mark style=\"background-color:rgba(0, 0, 0, 0)\" class=\"has-inline-color has-tertiary-color\">bibliography<\/mark><\/a><\/em><\/p>\n","protected":false},"excerpt":{"rendered":"<p>Petar Bodlovi\u0107Institute of Philosophy, Zagrebbiography \u00a0 \u00a0 \u00a0 \u00a0 \u00a0bibliography Du\u0161an Do\u017eudi\u0107Institute of Philosophy, Zagrebbiography &nbsp; &nbsp; &nbsp; &nbsp; &nbsp;bibliography Tomislav Janovi\u0107Faculty of Croatian Studies, Zagrebbiography&nbsp; &nbsp; &nbsp; &nbsp; &nbsp; bibliografija Sre\u0107ko Kova\u010dInstitute of Philosophy, Zagreb (emeritus)biography &nbsp; &nbsp; &nbsp; &nbsp; &nbsp;bibliography Davor Pe\u0107njakInstitute of Philosophy, Zagrebbiography &nbsp; &nbsp; &nbsp; &nbsp; &nbsp;bibliography Majda TrobokPhilosophical Faculty, [&hellip;]<\/p>\n","protected":false},"author":1,"featured_media":0,"parent":0,"menu_order":0,"comment_status":"closed","ping_status":"open","template":"","meta":{"footnotes":""},"class_list":["post-206","page","type-page","status-publish","hentry"],"_links":{"self":[{"href":"https:\/\/apsih.ifzg.hr\/index.php\/wp-json\/wp\/v2\/pages\/206","targetHints":{"allow":["GET"]}}],"collection":[{"href":"https:\/\/apsih.ifzg.hr\/index.php\/wp-json\/wp\/v2\/pages"}],"about":[{"href":"https:\/\/apsih.ifzg.hr\/index.php\/wp-json\/wp\/v2\/types\/page"}],"author":[{"embeddable":true,"href":"https:\/\/apsih.ifzg.hr\/index.php\/wp-json\/wp\/v2\/users\/1"}],"replies":[{"embeddable":true,"href":"https:\/\/apsih.ifzg.hr\/index.php\/wp-json\/wp\/v2\/comments?post=206"}],"version-history":[{"count":22,"href":"https:\/\/apsih.ifzg.hr\/index.php\/wp-json\/wp\/v2\/pages\/206\/revisions"}],"predecessor-version":[{"id":513,"href":"https:\/\/apsih.ifzg.hr\/index.php\/wp-json\/wp\/v2\/pages\/206\/revisions\/513"}],"wp:attachment":[{"href":"https:\/\/apsih.ifzg.hr\/index.php\/wp-json\/wp\/v2\/media?parent=206"}],"curies":[{"name":"wp","href":"https:\/\/api.w.org\/{rel}","templated":true}]}}