{"id":183,"date":"2024-01-18T07:02:47","date_gmt":"2024-01-18T07:02:47","guid":{"rendered":"https:\/\/apsih.ifzg.hr\/?page_id=183"},"modified":"2024-02-01T09:01:56","modified_gmt":"2024-02-01T08:01:56","slug":"contact","status":"publish","type":"page","link":"https:\/\/apsih.ifzg.hr\/index.php\/contact\/","title":{"rendered":"Contact"},"content":{"rendered":"\n<p class=\"has-text-align-left\">Institute of Philosophy<br><mark style=\"background-color:rgba(0, 0, 0, 0)\" class=\"has-inline-color has-tertiary-color\">The APsiH project<\/mark><br>Ul. grada Vukovara 54<br>HR-10000 Zagreb, Croatia<br><br><span style=\"text-decoration: underline;\">PRINCIPAL INVESTIGATOR<\/span>:<br>Du\u0161an Do\u017eudi\u0107<br>e-mail: ddozudic@ifzg.hr<br><\/p>\n","protected":false},"excerpt":{"rendered":"<p>Institute of PhilosophyThe APsiH projectUl. grada Vukovara 54HR-10000 Zagreb, Croatia PRINCIPAL INVESTIGATOR:Du\u0161an Do\u017eudi\u0107e-mail: ddozudic@ifzg.hr<\/p>\n","protected":false},"author":1,"featured_media":0,"parent":0,"menu_order":0,"comment_status":"closed","ping_status":"closed","template":"","meta":{"footnotes":""},"class_list":["post-183","page","type-page","status-publish","hentry"],"_links":{"self":[{"href":"https:\/\/apsih.ifzg.hr\/index.php\/wp-json\/wp\/v2\/pages\/183","targetHints":{"allow":["GET"]}}],"collection":[{"href":"https:\/\/apsih.ifzg.hr\/index.php\/wp-json\/wp\/v2\/pages"}],"about":[{"href":"https:\/\/apsih.ifzg.hr\/index.php\/wp-json\/wp\/v2\/types\/page"}],"author":[{"embeddable":true,"href":"https:\/\/apsih.ifzg.hr\/index.php\/wp-json\/wp\/v2\/users\/1"}],"replies":[{"embeddable":true,"href":"https:\/\/apsih.ifzg.hr\/index.php\/wp-json\/wp\/v2\/comments?post=183"}],"version-history":[{"count":7,"href":"https:\/\/apsih.ifzg.hr\/index.php\/wp-json\/wp\/v2\/pages\/183\/revisions"}],"predecessor-version":[{"id":461,"href":"https:\/\/apsih.ifzg.hr\/index.php\/wp-json\/wp\/v2\/pages\/183\/revisions\/461"}],"wp:attachment":[{"href":"https:\/\/apsih.ifzg.hr\/index.php\/wp-json\/wp\/v2\/media?parent=183"}],"curies":[{"name":"wp","href":"https:\/\/api.w.org\/{rel}","templated":true}]}}