{"id":179,"date":"2024-01-18T06:59:19","date_gmt":"2024-01-18T06:59:19","guid":{"rendered":"https:\/\/apsih.ifzg.hr\/?page_id=179"},"modified":"2026-02-04T14:09:51","modified_gmt":"2026-02-04T13:09:51","slug":"activities","status":"publish","type":"page","link":"https:\/\/apsih.ifzg.hr\/index.php\/activities\/","title":{"rendered":"Activities"},"content":{"rendered":"\n<p class=\"has-text-align-center\"><strong><span style=\"text-decoration: underline;\">2025<\/span><\/strong><\/p>\n\n\n\n<p>Kova\u010d, S. \u201cInterplay of Logic and Ontology in the Emergence of Modern Logic: Some Aspects of the Development\u201d, <em>Le\u015bniewski: Logic and Ontology. International Symposium<\/em>. Var\u0161ava, World Logic Day 2025, January 14, 2025.<\/p>\n\n\n\n<p>Do\u017eudi\u0107, D. \u201cThe Background of Wittgenstein\u2019s Impact on the Reception of Frege\u201d, <em>Thinking the Future: 11th Congress of the Austrian Society for Philosophy<\/em>, Graz, Austria, 25.-28. velja\u010da 2025.<\/p>\n\n\n\n<p>Do\u017eudi\u0107, D. (with Anom Grgi\u0107) \u201cMi\u0161\u010devi\u0107\u2019s Engagements with the Croatian Philosophical Heritage\u201d, <em>The Legacy of Nenad&#8217;s Philosophical Thought<\/em>, Filozofski fakultet, Rijeka, April 10\u201311 2025.<\/p>\n\n\n\n<p>Bodlovi\u0107, P. \u201cCharity, Interaction, and Argument Production\u201d, <em>7th international conference on rethorics Days of Ivo \u0160kari\u0107<\/em>,  April 23-26, 2025., Postira, Croatia.<\/p>\n\n\n\n<p>Do\u017eudi\u0107, D. and Trobok, M. worksop <em>Gottlob Frege &#8211; Sto godina kasnije (1925-2025)<\/em>, Rijeka, Filozofski fakultet, May 21-22, 2025.<\/p>\n\n\n\n<p>Bodlovi\u0107, P., \u201cZaklju\u010dak na najbolje obja\u0161njenje: pro\u0161irena argumentacijska shema,\u201d <em>Kolokviji Instituta za filozofiju 2025<\/em>., June 11, 2025, Zagreb.<\/p>\n\n\n\n<p>Bodlovi\u0107, P. \u201cToward the Dialectical Approach to the Principle of Charity,\u201d <em>Dan Instituta za filozofiju<\/em>, June 27, 2025, Zagreb.<\/p>\n\n\n\n<p>Trobok, M. \u201cTeorija skupova i Russellov paradoks u nastavi logike\u201d, <em>Interdisciplinarni pristupi u odgoju i obrazovanju: teorija, praksa i vrijednosti<\/em>, Filozofski fakultet u Rijeci, June 27, 2025.<\/p>\n\n\n\n<p>Do\u017eudi\u0107, D. \u201cModalne re\u010denice i neprozirni konteksti\u201d, <em>Ljetna \u0161kola logike: Logika i kriti\u010dko mi\u0161ljenje<\/em>, Filozofski fakultet, Rijeka, July 21\u201325, 2025.<\/p>\n\n\n\n<p>Trobok, M. \u201cPravila izvo\u0111enja za kvantifikatore\u201d, <em>Ljetna \u0161kola logike Logika i kriti\u010dko mi\u0161ljenje<\/em>, Filozofski fakultet, Rijeka, July 21\u201325, 2025.<\/p>\n\n\n\n<p>Do\u017eudi\u0107, D. \u201cRealism, Wittgenstein, and the Formative Years of the Croatian Analytic Tradition\u201d, <em>Feminist Philosophy \u2013 Language, Knowledge, And Politics<\/em> , Kirchberg am Wechsel, Austrija, August 10-16, 2025.<\/p>\n\n\n\n<p>Kova\u010d, S. \u201cThe conception and structure of the history of logic in Boche\u0144ski\u2019s view\u201d, <em>130 years of the Lvov-Warsaw School<\/em>, Warsaw, Poland, September 18-20, 2025.<\/p>\n\n\n\n<p>Bodlovi\u0107, P. \u201cThe Path of a Charitable Opponent: The Dilemmas of Intellectual Tolerance,\u201d\u00a0<em>5th European Conference on Argumentation (ECA) Argumentation in the Digital Society<\/em>, September 23-26, 2025, Warsaw, Poland.<\/p>\n\n\n\n<p>Bodlovi\u0107, P. \u201cCommentary on Gascon\u2019s \u2018On the distinction between arguments and explanations\u2019\u201d, <em>5th European Conference on Argumentation (ECA) Argumentation in the Digital Society<\/em>, September 23-26, 2025, Warsaw, Poland.<\/p>\n\n\n\n<p>Do\u017eudi\u0107, D., radio piece in <em>Occamova britva<\/em> at HR1: \u201cPojmovno pismo\u201d, November 6, 2025.<\/p>\n\n\n\n<p>Janovi\u0107, T. \u201cMartin iz Zadra: detektivsko-filozofski slu\u010daj\u201d, <em>10. godi\u0161nja konferencija \u201cUdruge za promicanje filozofije\u201d Izazovi filozofije<\/em>, Zagreb, November 14, 2025.<\/p>\n\n\n\n<p>Pe\u0107njak, D. \u201cBog, jezici i apstraktni objekti\u201d, <em>10. godi\u0161nja konferencija \u201cUdruge za promicanje filozofije\u201d Izazovi filozofije<\/em>, Zagreb, November 14, 2025.<\/p>\n\n\n\n<p>Do\u017eudi\u0107, D., participation in a panel discussion and an exhibition \u201cGottlob Frege: sto godina poslije\u201d, Institut za filozofiju, Zagreb, November 21, 2025.<\/p>\n\n\n\n<p>Do\u017eudi\u0107, D. \u201cLogi\u010dki zakoni i logi\u010dno mi\u0161ljenje: Frege i Markovi\u0107ev psihologizam\u201d, kolokvij, Institut za filozofiju, Zagreb, December 1, 2025.<\/p>\n\n\n\n<p>Bodlovi\u0107, P. \u201cO nekim ograni\u010denjima Piv\u010devi\u0107eve eksplanatorne epistemologije,\u201d <em>Godi\u0161nja konferencija Instituta za filozofiju<\/em>, December, 4-5, 2025., Zagreb.<\/p>\n\n\n\n<p>Do\u017eudi\u0107, D. \u201cPromjenjivi pojmovi i obi\u010dni jezik\u201d, <em>Godi\u0161nja konferencija Instituta za filozofiju Hrvatska filozofija<\/em>, Zagreb, December 4\u20135, 2025.<\/p>\n\n\n\n<p>Do\u017eudi\u0107, D., participation in a panel discussion and an exhibition \u201cGottlob Frege: sto godina poslije\u201d, Filozofski fakultet, Split, December 8, 2025.<\/p>\n\n\n\n<p class=\"has-text-align-center\"><strong><span style=\"text-decoration: underline;\">2024<\/span><\/strong><\/p>\n\n\n\n<p>Du\u0161an Do\u017eudi\u0107, \u201c\u0160to je Frege nau\u010dio od Milla?\u201d [\u201cWhat Frege Learned from Mill?\u201d], the conference <em>Svijest i zna\u010denje<\/em>, 26 April, The Faculty of Philosophy of the University of Split.<\/p>\n\n\n\n<p>Du\u0161an Do\u017eudi\u0107, \u201cHeaps to Facts: Frege&#8217;s Long Argument\u201d, the conference <em>Formal methodfs and science in philosophy,<\/em> 16 to 18 May, IUC, Dubrovnik.<\/p>\n\n\n\n<p>Sre\u0107ko Kova\u010d, \u201cThe Role of Objectivity in the Foundations of Logic: Some Perspaectives of the Beginnings of Modern Logic\u201d, konferencija <em>Formal methodfs and science in philosophy<\/em>, 16 to 18 May, IUC, Dubrovnik.<\/p>\n\n\n\n<p>Tomislav Janovi\u0107, \u201cPhenomenological Protologic Re-Examined\u201d, the conference <em>Metaphysics<\/em>, 10 to 14 June, IUC, Dubrovnik.<\/p>\n\n\n\n<p>Du\u0161an Do\u017eudi\u0107, \u201cThe Geach\/Black Wittgensteined\u201d, the conference <em>Facets of Reality: Contemporary Debates<\/em>, 11 to 17 August, Kirchberg am Wechsel, Austrija.<\/p>\n\n\n\n<p>Du\u0161an Do\u017eudi\u0107, \u201cFranjo Markovi\u0107 iz analiti\u010dareve perspektive\u201d [\u201cFranjo Markovi\u0107 from analytic philosopher&#8217;s perspective\u201d], okrugli stol povodom obilje\u017eavanja sto desete obljetnice smrti Franje Markovi\u0107a, 16 September, Institute of Philosophy, Zagreb.<\/p>\n\n\n\n<p>Sre\u0107ko Kova\u010d, \u201cIdeje i samospoznaja: Markovi\u0107 i Kant\u201d [\u201cIdeas and self-kowledge: Markovi\u0107 and Kant\u201d], The annual &#8216;Franjo Markovi\u0107&#8217; lecture, 16 October, Institute of Philosophy, Zagreb.<\/p>\n\n\n\n<p>Ljudevit Han\u017eek (The Faculty of Philosophy, Split), \u201cNeo-brentanovska teorija svijesti: slu\u010daj Kriegel\u201d [\u201cNeobrentanian theory of consciousness: the Kriegel case\u201d], a guest lecture, 23 October, Institute of Philosophy, Zagreb.<\/p>\n\n\n\n<p>Petar Bodlovi\u0107, \u201cNaslje\u0111e i razumni dijalog\u201d [\u201cHeritage and Reasonable Dialogue\u201d], the conference <em>Naslje\u0111e u filozofiji: kontinuitet i promjene<\/em>, 24 October, Institute of Philosophy, Zagreb.<\/p>\n\n\n\n<p>Andrej Jandri\u0107 (The Faculty of Philosophy, Beograd), \u201cObjekti, proksi objekti i pojmovi u Wittgensteinovom <em>Tractatusu<\/em>\u201d [\u201cObjects, proxy-objects, and concepts in Wittgenstein&#8217;s <em>Tractatus<\/em>\u201d], a guest lecture, 6 November, Institute of Philosophy, Zagreb.<\/p>\n\n\n\n<p>The workshop <em>Antipsihologizam i hrvatska logi\u010dka tradicija na prijelazu stolje\u0107a<\/em> [\u201cFregeova uvodna kritika psihologizma u <em>Osnovnim zakonima aritmetike<\/em>\u201d (Barbara Babi\u010d), \u201cMarkovi\u0107 o rije\u010dima\u201d (Du\u0161an Do\u017eudi\u0107), \u201cMati\u010devi\u0107eva disertacija o zasnivanju logike\u201d (Tomislav Janovi\u0107), \u201cStrukture, sustavi i metoda: Markovi\u0107, Arnold, Nagy\u201d (Sre\u0107ko Kova\u010d), \u201cAlbino Nagy, novi uvidi\u201d (Ivan Macut), \u201cKritika psihologizma u Fregeovu \u010dlanku &#8216;Misao&#8217;\u201d (Davor Pe\u0107njak)], 7 November, Institute of Philosophy, Zagreb.<\/p>\n\n\n\n<p>Du\u0161an Do\u017eudi\u0107, \u201cMarkovi\u0107, metafizika, pomisli i pojmovi\u201d [\u201cMarkovi\u0107, metaphysics, representations, and concepts\u201d], 18 December, a colloquium at the Institute of Philosophy, Zagreb.<\/p>\n","protected":false},"excerpt":{"rendered":"<p>2025 Kova\u010d, S. \u201cInterplay of Logic and Ontology in the Emergence of Modern Logic: Some Aspects of the Development\u201d, Le\u015bniewski: Logic and Ontology. International Symposium. Var\u0161ava, World Logic Day 2025, January 14, 2025. Do\u017eudi\u0107, D. \u201cThe Background of Wittgenstein\u2019s Impact on the Reception of Frege\u201d, Thinking the Future: 11th Congress of the Austrian Society for [&hellip;]<\/p>\n","protected":false},"author":1,"featured_media":0,"parent":0,"menu_order":0,"comment_status":"closed","ping_status":"open","template":"","meta":{"footnotes":""},"class_list":["post-179","page","type-page","status-publish","hentry"],"_links":{"self":[{"href":"https:\/\/apsih.ifzg.hr\/index.php\/wp-json\/wp\/v2\/pages\/179","targetHints":{"allow":["GET"]}}],"collection":[{"href":"https:\/\/apsih.ifzg.hr\/index.php\/wp-json\/wp\/v2\/pages"}],"about":[{"href":"https:\/\/apsih.ifzg.hr\/index.php\/wp-json\/wp\/v2\/types\/page"}],"author":[{"embeddable":true,"href":"https:\/\/apsih.ifzg.hr\/index.php\/wp-json\/wp\/v2\/users\/1"}],"replies":[{"embeddable":true,"href":"https:\/\/apsih.ifzg.hr\/index.php\/wp-json\/wp\/v2\/comments?post=179"}],"version-history":[{"count":23,"href":"https:\/\/apsih.ifzg.hr\/index.php\/wp-json\/wp\/v2\/pages\/179\/revisions"}],"predecessor-version":[{"id":588,"href":"https:\/\/apsih.ifzg.hr\/index.php\/wp-json\/wp\/v2\/pages\/179\/revisions\/588"}],"wp:attachment":[{"href":"https:\/\/apsih.ifzg.hr\/index.php\/wp-json\/wp\/v2\/media?parent=179"}],"curies":[{"name":"wp","href":"https:\/\/api.w.org\/{rel}","templated":true}]}}